{"id":3021,"date":"2026-01-20T13:27:07","date_gmt":"2026-01-20T12:27:07","guid":{"rendered":"https:\/\/www.thedutchwhiskyassociation.nl\/?page_id=3021"},"modified":"2026-01-20T13:27:12","modified_gmt":"2026-01-20T12:27:12","slug":"liquid-library","status":"publish","type":"page","link":"https:\/\/www.thedutchwhiskyassociation.nl\/index.php\/liquid-library\/","title":{"rendered":"Liquid Library"},"content":{"rendered":"\n<div class=\"wp-block-media-text is-stacked-on-mobile\"><figure class=\"wp-block-media-text__media\"><img loading=\"lazy\" decoding=\"async\" width=\"695\" height=\"1024\" src=\"https:\/\/www.thedutchwhiskyassociation.nl\/wp-content\/uploads\/2026\/01\/Scherm\u00adafbeelding-2026-01-20-om-12.55.44-695x1024.png\" alt=\"\" class=\"wp-image-3022 size-full\" srcset=\"https:\/\/www.thedutchwhiskyassociation.nl\/wp-content\/uploads\/2026\/01\/Scherm\u00adafbeelding-2026-01-20-om-12.55.44-695x1024.png 695w, https:\/\/www.thedutchwhiskyassociation.nl\/wp-content\/uploads\/2026\/01\/Scherm\u00adafbeelding-2026-01-20-om-12.55.44-600x884.png 600w, https:\/\/www.thedutchwhiskyassociation.nl\/wp-content\/uploads\/2026\/01\/Scherm\u00adafbeelding-2026-01-20-om-12.55.44-204x300.png 204w, https:\/\/www.thedutchwhiskyassociation.nl\/wp-content\/uploads\/2026\/01\/Scherm\u00adafbeelding-2026-01-20-om-12.55.44-768x1131.png 768w, https:\/\/www.thedutchwhiskyassociation.nl\/wp-content\/uploads\/2026\/01\/Scherm\u00adafbeelding-2026-01-20-om-12.55.44.png 998w\" sizes=\"auto, (max-width: 695px) 100vw, 695px\" \/><\/figure><div class=\"wp-block-media-text__content\">\n<p>D\u00e9 manier om je kast schoon te houden.<\/p>\n\n\n\n<p>Ben je ook zo bang om bodempjes op te maken van die ene fles die z\u00f3 goed is, maar niet meer te krijgen is? Of wil je gewoon ruimte cre\u00ebren in je kast? Dan is Liquid Library d\u00e9 oplossing!<br>Maak een \u2018vloeibare bibliotheek voor later:<br>Bewaar dat ene bodempje van die bijzondere fles in een glazen buisje. Dan komt er geen lucht meer bij en kun je de rest met een gerust hart opdrinken omdat je die laatste sample veilig kunt bewaren voor dat ene, bijzondere moment, wanneer het jou uitkomt.<\/p>\n\n\n\n<p>Of ruim gewoon je kast op en maak ruimte voor nieuwe flessen. Doe de restantjes in een buisje en berg ze gemakkelijk op met de bijbehorende doosjes.<\/p>\n\n\n\n<p>Nieuwsgierig? <a href=\"https:\/\/www.thedutchwhiskyassociation.nl\/index.php\/product-categorie\/liquid-library\/\" title=\"\">Klik hier<\/a>!<\/p>\n<\/div><\/div>\n","protected":false},"excerpt":{"rendered":"<p>D\u00e9 manier om je kast schoon te houden. Ben je ook zo bang om bodempjes op te maken van die ene fles die z\u00f3 goed is, maar niet meer te&hellip;<\/p>\n","protected":false},"author":1,"featured_media":0,"parent":0,"menu_order":0,"comment_status":"closed","ping_status":"closed","template":"","meta":{"_monsterinsights_skip_tracking":false,"_monsterinsights_sitenote_active":false,"_monsterinsights_sitenote_note":"","_monsterinsights_sitenote_category":0,"footnotes":""},"class_list":["post-3021","page","type-page","status-publish","hentry"],"aioseo_notices":[],"jetpack_sharing_enabled":true,"jetpack_likes_enabled":true,"_links":{"self":[{"href":"https:\/\/www.thedutchwhiskyassociation.nl\/index.php\/wp-json\/wp\/v2\/pages\/3021","targetHints":{"allow":["GET"]}}],"collection":[{"href":"https:\/\/www.thedutchwhiskyassociation.nl\/index.php\/wp-json\/wp\/v2\/pages"}],"about":[{"href":"https:\/\/www.thedutchwhiskyassociation.nl\/index.php\/wp-json\/wp\/v2\/types\/page"}],"author":[{"embeddable":true,"href":"https:\/\/www.thedutchwhiskyassociation.nl\/index.php\/wp-json\/wp\/v2\/users\/1"}],"replies":[{"embeddable":true,"href":"https:\/\/www.thedutchwhiskyassociation.nl\/index.php\/wp-json\/wp\/v2\/comments?post=3021"}],"version-history":[{"count":1,"href":"https:\/\/www.thedutchwhiskyassociation.nl\/index.php\/wp-json\/wp\/v2\/pages\/3021\/revisions"}],"predecessor-version":[{"id":3023,"href":"https:\/\/www.thedutchwhiskyassociation.nl\/index.php\/wp-json\/wp\/v2\/pages\/3021\/revisions\/3023"}],"wp:attachment":[{"href":"https:\/\/www.thedutchwhiskyassociation.nl\/index.php\/wp-json\/wp\/v2\/media?parent=3021"}],"curies":[{"name":"wp","href":"https:\/\/api.w.org\/{rel}","templated":true}]}}